{"id":2,"date":"2025-04-14T19:43:52","date_gmt":"2025-04-14T19:43:52","guid":{"rendered":"https:\/\/koerperwellen.com\/?page_id=2"},"modified":"2025-10-14T20:25:48","modified_gmt":"2025-10-14T20:25:48","slug":"koerperwellen","status":"publish","type":"page","link":"https:\/\/koerperwellen.com\/","title":{"rendered":"K\u00f6rperwellen"},"content":{"rendered":"<div class=\"aligncenter is-style-default wp-block-site-logo\"><a href=\"https:\/\/koerperwellen.com\/\" class=\"custom-logo-link\" rel=\"home\"><img decoding=\"async\" width=\"330\" height=\"160\" src=\"https:\/\/koerperwellen.com\/wp-content\/uploads\/2025\/10\/Koerperwellen_Logo.png\" class=\"custom-logo\" alt=\"K\u00f6rperwellen\" srcset=\"https:\/\/koerperwellen.com\/wp-content\/uploads\/2025\/10\/Koerperwellen_Logo-200x97.png 200w, https:\/\/koerperwellen.com\/wp-content\/uploads\/2025\/10\/Koerperwellen_Logo-300x146.png 300w, https:\/\/koerperwellen.com\/wp-content\/uploads\/2025\/10\/Koerperwellen_Logo-400x195.png 400w, https:\/\/koerperwellen.com\/wp-content\/uploads\/2025\/10\/Koerperwellen_Logo-600x292.png 600w, https:\/\/koerperwellen.com\/wp-content\/uploads\/2025\/10\/Koerperwellen_Logo-768x374.png 768w, https:\/\/koerperwellen.com\/wp-content\/uploads\/2025\/10\/Koerperwellen_Logo.png 790w\" sizes=\"(max-width: 330px) 100vw, 330px\" \/><\/a><\/div>\n\n\n<div style=\"height:45px\" aria-hidden=\"true\" class=\"wp-block-spacer\"><\/div>\n\n\n\n<div class=\"wp-block-columns is-layout-flex wp-container-core-columns-is-layout-9d6595d7 wp-block-columns-is-layout-flex\">\n<div class=\"wp-block-column is-layout-flow wp-block-column-is-layout-flow\" style=\"flex-basis:66.66%\"><div class=\"wp-block-image\">\n<figure class=\"aligncenter size-large is-resized\"><img decoding=\"async\" width=\"2560\" height=\"1919\" src=\"https:\/\/koerperwellen.com\/wp-content\/uploads\/2025\/10\/Karin_Farbe-edited-1-scaled.jpg\" alt=\"\" class=\"wp-image-36\" style=\"width:708px;height:auto\" srcset=\"https:\/\/koerperwellen.com\/wp-content\/uploads\/2025\/10\/Karin_Farbe-edited-1-200x150.jpg 200w, https:\/\/koerperwellen.com\/wp-content\/uploads\/2025\/10\/Karin_Farbe-edited-1-300x225.jpg 300w, https:\/\/koerperwellen.com\/wp-content\/uploads\/2025\/10\/Karin_Farbe-edited-1-400x300.jpg 400w, https:\/\/koerperwellen.com\/wp-content\/uploads\/2025\/10\/Karin_Farbe-edited-1-600x450.jpg 600w, https:\/\/koerperwellen.com\/wp-content\/uploads\/2025\/10\/Karin_Farbe-edited-1-768x576.jpg 768w, https:\/\/koerperwellen.com\/wp-content\/uploads\/2025\/10\/Karin_Farbe-edited-1-800x600.jpg 800w, https:\/\/koerperwellen.com\/wp-content\/uploads\/2025\/10\/Karin_Farbe-edited-1-1024x768.jpg 1024w, https:\/\/koerperwellen.com\/wp-content\/uploads\/2025\/10\/Karin_Farbe-edited-1-1200x900.jpg 1200w, https:\/\/koerperwellen.com\/wp-content\/uploads\/2025\/10\/Karin_Farbe-edited-1-1536x1151.jpg 1536w, https:\/\/koerperwellen.com\/wp-content\/uploads\/2025\/10\/Karin_Farbe-edited-1-scaled.jpg 2560w\" sizes=\"(max-width: 2560px) 100vw, 2560px\" \/><\/figure>\n<\/div><\/div>\n\n\n\n<div class=\"wp-block-column is-layout-flow wp-block-column-is-layout-flow\" style=\"flex-basis:33.33%\">\n<h2 class=\"wp-block-heading\">Der Mensch und sein Wohlbefinden im Fokus<\/h2>\n\n\n\n<p>Ich bin Karin Eva Brandt und arbeite seit vielen Jahren im Bereich der Gesundheit und des Wohlbefindens. Die Ausbildung zur medizinischen Masseurin legte den Grundstein f\u00fcr meinen therapeutischen Werdegang. Verschiedene Aus- und Weiterbildungen vertiefen mein Verst\u00e4ndnis rund um das Thema Gesundheit und meine Arbeit mit Menschen. <\/p>\n\n\n\n<p>\u2013 Trager Methode nach Milton Trager <br>\u2013 Atemcoach im Bewusst-Verbundenem-Atmen<\/p>\n<\/div>\n<\/div>\n\n\n\n<pre class=\"wp-block-verse has-text-align-left has-awb-color-4-color has-awb-color-1-background-color has-text-color has-background has-link-color has-normal-font-size wp-elements-6282db3dbc3de8796b249c4e22ab15e5\">\u00abMein Wunsch f\u00fcr Sie ist, dass Sie nach der Behandlung ein Gef\u00fchl von Wohlbefinden und Gelassenheit sp\u00fcren. <br>Beschwerden und Einschr\u00e4nkungen sich mindern oder gar aufl\u00f6sen.\u00bb<\/pre>\n\n\n\n<div class=\"wp-block-columns has-background is-layout-flex wp-container-core-columns-is-layout-9d6595d7 wp-block-columns-is-layout-flex\" style=\"background:linear-gradient(135deg,rgba(237,237,237,0.38) 2%,rgba(194,169,169,0.19) 98%)\">\n<div class=\"wp-block-column is-layout-flow wp-block-column-is-layout-flow\" style=\"flex-basis:33.33%\">\n<h2 class=\"wp-block-heading\">Erfahren Sie Leichtigkeit und tiefe Entspannung<\/h2>\n\n\n\n<p><strong>Trager Methode<br><\/strong>Die Trager Therapie unterst\u00fctzt Sie darin, Leichtigkeit, Beweglichkeit und Weichheit im K\u00f6rper neu zu entdecken und wahrzunehmen. Durch feines Dehnen und Einsinken in das Gewebe erreichen wir tiefe Strukturen. Wellenbewegungen sind ein zentrales Element der Arbeit. Sie sind weich und machen weich. Trager f\u00f6rdert die Beweglichkeit, Koordination, Eigenwahrnehmung, Stoffwechsel und die tiefe Entspannung.<\/p>\n<\/div>\n\n\n\n<div class=\"wp-block-column is-layout-flow wp-block-column-is-layout-flow\" style=\"flex-basis:66.66%\"><div class=\"wp-block-image\">\n<figure class=\"aligncenter size-large is-resized\"><img decoding=\"async\" width=\"2560\" height=\"1920\" src=\"https:\/\/koerperwellen.com\/wp-content\/uploads\/2025\/10\/mat-reding-ozN7sC1aGsk-unsplash-edited-scaled.jpg\" alt=\"\" class=\"wp-image-35\" style=\"width:634px;height:auto\" srcset=\"https:\/\/koerperwellen.com\/wp-content\/uploads\/2025\/10\/mat-reding-ozN7sC1aGsk-unsplash-edited-200x150.jpg 200w, https:\/\/koerperwellen.com\/wp-content\/uploads\/2025\/10\/mat-reding-ozN7sC1aGsk-unsplash-edited-300x225.jpg 300w, https:\/\/koerperwellen.com\/wp-content\/uploads\/2025\/10\/mat-reding-ozN7sC1aGsk-unsplash-edited-400x300.jpg 400w, https:\/\/koerperwellen.com\/wp-content\/uploads\/2025\/10\/mat-reding-ozN7sC1aGsk-unsplash-edited-600x450.jpg 600w, https:\/\/koerperwellen.com\/wp-content\/uploads\/2025\/10\/mat-reding-ozN7sC1aGsk-unsplash-edited-768x576.jpg 768w, https:\/\/koerperwellen.com\/wp-content\/uploads\/2025\/10\/mat-reding-ozN7sC1aGsk-unsplash-edited-800x600.jpg 800w, https:\/\/koerperwellen.com\/wp-content\/uploads\/2025\/10\/mat-reding-ozN7sC1aGsk-unsplash-edited-1024x768.jpg 1024w, https:\/\/koerperwellen.com\/wp-content\/uploads\/2025\/10\/mat-reding-ozN7sC1aGsk-unsplash-edited-1200x900.jpg 1200w, https:\/\/koerperwellen.com\/wp-content\/uploads\/2025\/10\/mat-reding-ozN7sC1aGsk-unsplash-edited-1536x1152.jpg 1536w, https:\/\/koerperwellen.com\/wp-content\/uploads\/2025\/10\/mat-reding-ozN7sC1aGsk-unsplash-edited-scaled.jpg 2560w\" sizes=\"(max-width: 2560px) 100vw, 2560px\" \/><\/figure>\n<\/div><\/div>\n<\/div>\n\n\n\n<div class=\"wp-block-columns is-layout-flex wp-container-core-columns-is-layout-9d6595d7 wp-block-columns-is-layout-flex\">\n<div class=\"wp-block-column is-layout-flow wp-block-column-is-layout-flow\" style=\"flex-basis:66.66%\"><div class=\"wp-block-image\">\n<figure class=\"aligncenter size-large is-resized\"><img decoding=\"async\" width=\"2560\" height=\"1919\" src=\"https:\/\/koerperwellen.com\/wp-content\/uploads\/2025\/10\/clever-visuals-Gs1EV3boogM-unsplash-edited-scaled.jpg\" alt=\"\" class=\"wp-image-37\" style=\"width:708px;height:auto\" srcset=\"https:\/\/koerperwellen.com\/wp-content\/uploads\/2025\/10\/clever-visuals-Gs1EV3boogM-unsplash-edited-200x150.jpg 200w, https:\/\/koerperwellen.com\/wp-content\/uploads\/2025\/10\/clever-visuals-Gs1EV3boogM-unsplash-edited-300x225.jpg 300w, https:\/\/koerperwellen.com\/wp-content\/uploads\/2025\/10\/clever-visuals-Gs1EV3boogM-unsplash-edited-400x300.jpg 400w, https:\/\/koerperwellen.com\/wp-content\/uploads\/2025\/10\/clever-visuals-Gs1EV3boogM-unsplash-edited-600x450.jpg 600w, https:\/\/koerperwellen.com\/wp-content\/uploads\/2025\/10\/clever-visuals-Gs1EV3boogM-unsplash-edited-768x576.jpg 768w, https:\/\/koerperwellen.com\/wp-content\/uploads\/2025\/10\/clever-visuals-Gs1EV3boogM-unsplash-edited-800x600.jpg 800w, https:\/\/koerperwellen.com\/wp-content\/uploads\/2025\/10\/clever-visuals-Gs1EV3boogM-unsplash-edited-1024x768.jpg 1024w, https:\/\/koerperwellen.com\/wp-content\/uploads\/2025\/10\/clever-visuals-Gs1EV3boogM-unsplash-edited-1200x900.jpg 1200w, https:\/\/koerperwellen.com\/wp-content\/uploads\/2025\/10\/clever-visuals-Gs1EV3boogM-unsplash-edited-1536x1151.jpg 1536w, https:\/\/koerperwellen.com\/wp-content\/uploads\/2025\/10\/clever-visuals-Gs1EV3boogM-unsplash-edited-scaled.jpg 2560w\" sizes=\"(max-width: 2560px) 100vw, 2560px\" \/><\/figure>\n<\/div><\/div>\n\n\n\n<div class=\"wp-block-column is-layout-flow wp-block-column-is-layout-flow\" style=\"flex-basis:33.33%\">\n<h2 class=\"wp-block-heading\">Atmen Sie tiefer und erh\u00f6hen Sie Ihre Energie<\/h2>\n\n\n\n<p><strong>Bewusst Verbundenes Atmen<br><\/strong>Diese Atemtechnik basiert auf dem Prinzip, dass der Atem eine direkte Br\u00fccke zwischen Bewusst \u2013 und Unterbewusstsein bildet. Es bewirkt die \u00d6ffnung unseres Atmungssystems und bringt unseren K\u00f6rper in einen Reset-Modus. Der Fokus liegt auf dem Einatmen und einem sanften, k\u00fcrzeren Ausatmen. Die Atempraxis kr\u00e4ftigt und f\u00f6rdert die Entspannung (Stressabbau), erh\u00f6ht das Bewusstsein (Resilienz). Sie unterst\u00fctzt den Energiefluss und die Selbstwahrnehmung. Zudem wird festgestellt, dass auch das Immunsystem gest\u00e4rkt wird.<\/p>\n<\/div>\n<\/div>\n\n\n\n<pre class=\"wp-block-verse has-text-align-center has-awb-color-4-color has-text-color has-link-color has-large-font-size wp-elements-2ea40b111670d36218f8d1393810b5ec\">\u00abWer inne h\u00e4lt, erh\u00e4lt von Innen Halt.\u00bb<br>Laotse<\/pre>\n\n\n\n<div class=\"wp-block-columns has-awb-color-2-color has-text-color has-background has-link-color has-normal-font-size wp-elements-674cc3f7b7f81cc5c9a895f63e56a523 is-layout-flex wp-container-core-columns-is-layout-9d6595d7 wp-block-columns-is-layout-flex\" style=\"background:linear-gradient(326deg,rgb(31,66,110) 0%,rgb(10,85,143) 100%)\">\n<div class=\"wp-block-column is-layout-flow wp-block-column-is-layout-flow\">\n<h2 class=\"wp-block-heading has-awb-color-2-color has-text-color has-link-color wp-elements-e38b0a622c80fbd92c7ed8a8fa45c6ad\">Trager Behandlung<\/h2>\n\n\n\n<p class=\"has-awb-color-2-color has-text-color has-link-color wp-elements-90a97e2a20b8e75d5ad7731795e7d99a\">Die Trager-Behandlung findet in bequemer Kleidung auf der Liege statt. Sie dauert etwa 1 Stunde und kostet Fr. 100.\u2013<\/p>\n<\/div>\n\n\n\n<div class=\"wp-block-column is-layout-flow wp-block-column-is-layout-flow\">\n<h2 class=\"wp-block-heading has-awb-color-2-color has-text-color has-link-color wp-elements-a1fb450b0943b928c0da3ea9a8df445b\">Atemsitzung<\/h2>\n\n\n\n<p class=\"has-awb-color-2-color has-text-color has-link-color wp-elements-249f6353954c5aa97a744506aa8b5f29\">Die Atemsitzung findet in bequemer Kleidung statt. Sie dauert etwa 1,5 Stunden und kostet Fr. 150.\u2013<\/p>\n<\/div>\n\n\n\n<div class=\"wp-block-column is-layout-flow wp-block-column-is-layout-flow\">\n<h2 class=\"wp-block-heading has-awb-color-2-color has-text-color has-link-color wp-elements-5a152c652e9aee768a69985c31f2e4cb\">Informationen<\/h2>\n\n\n\n<p class=\"has-awb-color-2-color has-text-color has-link-color wp-elements-8c368b2a03f67800ea89391f0a0cdce6\">Planen Sie bitte nach der Behandlung oder Sitzung Ruhezeit und trinken Sie gen\u00fcgend Wasser oder Tee.<\/p>\n<\/div>\n<\/div>\n","protected":false},"excerpt":{"rendered":"<p>Der Mensch und sein Wohlbefinden im Fokus Ich bin Karin  [&#8230;]<\/p>\n","protected":false},"author":1,"featured_media":0,"parent":0,"menu_order":0,"comment_status":"closed","ping_status":"closed","template":"100-width.php","meta":{"footnotes":""},"class_list":["post-2","page","type-page","status-publish","hentry"],"_links":{"self":[{"href":"https:\/\/koerperwellen.com\/index.php?rest_route=\/wp\/v2\/pages\/2","targetHints":{"allow":["GET"]}}],"collection":[{"href":"https:\/\/koerperwellen.com\/index.php?rest_route=\/wp\/v2\/pages"}],"about":[{"href":"https:\/\/koerperwellen.com\/index.php?rest_route=\/wp\/v2\/types\/page"}],"author":[{"embeddable":true,"href":"https:\/\/koerperwellen.com\/index.php?rest_route=\/wp\/v2\/users\/1"}],"replies":[{"embeddable":true,"href":"https:\/\/koerperwellen.com\/index.php?rest_route=%2Fwp%2Fv2%2Fcomments&post=2"}],"version-history":[{"count":31,"href":"https:\/\/koerperwellen.com\/index.php?rest_route=\/wp\/v2\/pages\/2\/revisions"}],"predecessor-version":[{"id":67,"href":"https:\/\/koerperwellen.com\/index.php?rest_route=\/wp\/v2\/pages\/2\/revisions\/67"}],"wp:attachment":[{"href":"https:\/\/koerperwellen.com\/index.php?rest_route=%2Fwp%2Fv2%2Fmedia&parent=2"}],"curies":[{"name":"wp","href":"https:\/\/api.w.org\/{rel}","templated":true}]}}